{"id":197,"date":"2026-03-11T05:59:10","date_gmt":"2026-03-11T04:59:10","guid":{"rendered":"https:\/\/esbisztro.hu\/?page_id=197"},"modified":"2026-04-29T11:25:36","modified_gmt":"2026-04-29T10:25:36","slug":"es-bisztro","status":"publish","type":"page","link":"https:\/\/esbisztro.hu\/hu\/","title":{"rendered":"\u00c9S Bisztr\u00f3"},"content":{"rendered":"\t\t<div data-elementor-type=\"wp-page\" data-elementor-id=\"197\" class=\"elementor elementor-197 elementor-10\" data-elementor-post-type=\"page\">\n\t\t\t\t<div class=\"elementor-element elementor-element-427a023d e-con-full e-flex e-con e-parent\" data-id=\"427a023d\" data-element_type=\"container\" data-e-type=\"container\">\n\t\t<div class=\"elementor-element elementor-element-7b7ed357 e-con-full e-flex e-con e-child\" data-id=\"7b7ed357\" data-element_type=\"container\" data-e-type=\"container\" data-settings=\"{&quot;background_background&quot;:&quot;classic&quot;}\">\n\t\t\t\t<div class=\"elementor-element elementor-element-143b1f45 elementor-hidden-widescreen elementor-hidden-desktop elementor-hidden-laptop elementor-hidden-tablet_extra elementor-hidden-tablet elementor-hidden-mobile_extra elementor-widget elementor-widget-spacer\" data-id=\"143b1f45\" data-element_type=\"widget\" data-e-type=\"widget\" data-widget_type=\"spacer.default\">\n\t\t\t\t\t\t\t<div class=\"elementor-spacer\">\n\t\t\t<div class=\"elementor-spacer-inner\"><\/div>\n\t\t<\/div>\n\t\t\t\t\t\t<\/div>\n\t\t\t\t<\/div>\n\t\t<div class=\"elementor-element elementor-element-4557aee2 e-con-full elementor-hidden-mobile e-flex e-con e-child\" data-id=\"4557aee2\" data-element_type=\"container\" data-e-type=\"container\" data-settings=\"{&quot;background_background&quot;:&quot;classic&quot;}\">\n\t\t\t\t<div class=\"elementor-element elementor-element-4d9235bd elementor-widget elementor-widget-spacer\" data-id=\"4d9235bd\" data-element_type=\"widget\" data-e-type=\"widget\" data-widget_type=\"spacer.default\">\n\t\t\t\t\t\t\t<div class=\"elementor-spacer\">\n\t\t\t<div class=\"elementor-spacer-inner\"><\/div>\n\t\t<\/div>\n\t\t\t\t\t\t<\/div>\n\t\t\t\t<div class=\"elementor-element elementor-element-20104d73 elementor-widget elementor-widget-image\" data-id=\"20104d73\" data-element_type=\"widget\" data-e-type=\"widget\" data-widget_type=\"image.default\">\n\t\t\t\t\t\t\t\t\t\t\t\t\t\t\t<img fetchpriority=\"high\" decoding=\"async\" width=\"800\" height=\"800\" src=\"https:\/\/esbisztro.hu\/wp-content\/uploads\/2026\/03\/ES-Piros-KOR-Fekete-Piros-Shadow-1-1024x1024.png\" class=\"attachment-large size-large wp-image-316\" alt=\"\" srcset=\"https:\/\/esbisztro.hu\/wp-content\/uploads\/2026\/03\/ES-Piros-KOR-Fekete-Piros-Shadow-1-1024x1024.png 1024w, https:\/\/esbisztro.hu\/wp-content\/uploads\/2026\/03\/ES-Piros-KOR-Fekete-Piros-Shadow-1-300x300.png 300w, https:\/\/esbisztro.hu\/wp-content\/uploads\/2026\/03\/ES-Piros-KOR-Fekete-Piros-Shadow-1-150x150.png 150w, https:\/\/esbisztro.hu\/wp-content\/uploads\/2026\/03\/ES-Piros-KOR-Fekete-Piros-Shadow-1-768x768.png 768w, https:\/\/esbisztro.hu\/wp-content\/uploads\/2026\/03\/ES-Piros-KOR-Fekete-Piros-Shadow-1-1536x1536.png 1536w, https:\/\/esbisztro.hu\/wp-content\/uploads\/2026\/03\/ES-Piros-KOR-Fekete-Piros-Shadow-1-2048x2048.png 2048w\" sizes=\"(max-width: 800px) 100vw, 800px\" \/>\t\t\t\t\t\t\t\t\t\t\t\t\t\t\t<\/div>\n\t\t\t\t<div class=\"elementor-element elementor-element-57c536cd elementor-widget elementor-widget-text-editor\" data-id=\"57c536cd\" data-element_type=\"widget\" data-e-type=\"widget\" data-widget_type=\"text-editor.default\">\n\t\t\t\t\t\t\t\t\tBudapest \u00e9s B\u00e9cs egy asztaln\u00e1l &#8211; Kort\u00e1rs steak house \u00e9s bisztr\u00f3, a monarchia klasszikusaival.\t\t\t\t\t\t\t\t<\/div>\n\t\t\t\t<div class=\"elementor-element elementor-element-34f62982 elementor-mobile-align-center elementor-widget elementor-widget-button\" data-id=\"34f62982\" data-element_type=\"widget\" data-e-type=\"widget\" data-widget_type=\"button.default\">\n\t\t\t\t\t\t\t\t\t\t<a class=\"elementor-button elementor-button-link elementor-size-sm\" href=\"https:\/\/b2c.eat2eatmsp.eu\/en\/reserve\/kempinski-hotel-corvinus-budapest-es-bisztro\/landing?relId=MQA2AA%3D%3D&#038;source=IRS&#038;lang=0\" target=\"_blank\" rel=\"noopener\">\n\t\t\t\t\t\t<span class=\"elementor-button-content-wrapper\">\n\t\t\t\t\t\t\t\t\t<span class=\"elementor-button-text\">ASZTALFOGLAL\u00c1S<\/span>\n\t\t\t\t\t<\/span>\n\t\t\t\t\t<\/a>\n\t\t\t\t\t\t\t\t<\/div>\n\t\t\t\t<div class=\"elementor-element elementor-element-19c49e69 elementor-widget elementor-widget-spacer\" data-id=\"19c49e69\" data-element_type=\"widget\" data-e-type=\"widget\" data-widget_type=\"spacer.default\">\n\t\t\t\t\t\t\t<div class=\"elementor-spacer\">\n\t\t\t<div class=\"elementor-spacer-inner\"><\/div>\n\t\t<\/div>\n\t\t\t\t\t\t<\/div>\n\t\t\t\t<\/div>\n\t\t\t\t<\/div>\n\t\t<div class=\"elementor-element elementor-element-1f8e2473 e-flex e-con-boxed e-con e-parent\" data-id=\"1f8e2473\" data-element_type=\"container\" data-e-type=\"container\">\n\t\t\t\t\t<div class=\"e-con-inner\">\n\t\t\t\t<div class=\"elementor-element elementor-element-6f185713 elementor-mobile-align-left elementor-hidden-widescreen elementor-hidden-desktop elementor-hidden-laptop elementor-hidden-tablet_extra elementor-hidden-tablet elementor-hidden-mobile_extra elementor-widget elementor-widget-button\" data-id=\"6f185713\" data-element_type=\"widget\" data-e-type=\"widget\" data-widget_type=\"button.default\">\n\t\t\t\t\t\t\t\t\t\t<a class=\"elementor-button elementor-button-link elementor-size-sm\" href=\"https:\/\/b2c.eat2eatmsp.eu\/en\/reserve\/kempinski-hotel-corvinus-budapest-es-bisztro\/landing?relId=MQA2AA%3D%3D&#038;source=IRS&#038;lang=0\" target=\"_blank\" rel=\"noopener\">\n\t\t\t\t\t\t<span class=\"elementor-button-content-wrapper\">\n\t\t\t\t\t\t\t\t\t<span class=\"elementor-button-text\">ASZTALFOGLAL\u00c1S<\/span>\n\t\t\t\t\t<\/span>\n\t\t\t\t\t<\/a>\n\t\t\t\t\t\t\t\t<\/div>\n\t\t\t\t\t<\/div>\n\t\t\t\t<\/div>\n\t\t<div class=\"elementor-element elementor-element-37ff4a15 e-flex e-con-boxed e-con e-parent\" data-id=\"37ff4a15\" data-element_type=\"container\" data-e-type=\"container\">\n\t\t\t\t\t<div class=\"e-con-inner\">\n\t\t<div class=\"elementor-element elementor-element-1f469405 e-con-full e-flex e-con e-child\" data-id=\"1f469405\" data-element_type=\"container\" data-e-type=\"container\">\n\t\t\t\t<div class=\"elementor-element elementor-element-1ee26b2c elementor-widget elementor-widget-heading\" data-id=\"1ee26b2c\" data-element_type=\"widget\" data-e-type=\"widget\" data-widget_type=\"heading.default\">\n\t\t\t\t\t<h2 class=\"elementor-heading-title elementor-size-default\">NYITVATART\u00c1S<\/h2>\t\t\t\t<\/div>\n\t\t\t\t<div class=\"elementor-element elementor-element-49ef6c6a elementor-widget elementor-widget-text-editor\" data-id=\"49ef6c6a\" data-element_type=\"widget\" data-e-type=\"widget\" data-widget_type=\"text-editor.default\">\n\t\t\t\t\t\t\t\t\t<p>H\u00e9tf\u0151 &#8211; Vas\u00e1rnap:<\/p><p>12:00 &#8211; 23:00<\/p><p>(konyha z\u00e1r\u00e1sa 22:30)<\/p>\t\t\t\t\t\t\t\t<\/div>\n\t\t\t\t<\/div>\n\t\t<div class=\"elementor-element elementor-element-4ea59c60 e-con-full e-flex e-con e-child\" data-id=\"4ea59c60\" data-element_type=\"container\" data-e-type=\"container\">\n\t\t\t\t<div class=\"elementor-element elementor-element-2bfe6102 elementor-widget elementor-widget-heading\" data-id=\"2bfe6102\" data-element_type=\"widget\" data-e-type=\"widget\" data-widget_type=\"heading.default\">\n\t\t\t\t\t<h2 class=\"elementor-heading-title elementor-size-default\">c\u00edm<\/h2>\t\t\t\t<\/div>\n\t\t\t\t<div class=\"elementor-element elementor-element-3995aca0 elementor-widget elementor-widget-text-editor\" data-id=\"3995aca0\" data-element_type=\"widget\" data-e-type=\"widget\" data-widget_type=\"text-editor.default\">\n\t\t\t\t\t\t\t\t\t<p><span style=\"color: #000000;\"><a style=\"color: #000000;\" href=\"https:\/\/maps.app.goo.gl\/pz6xYJNfwxvMaV7a9\" target=\"_blank\" rel=\"noopener\">1051 Budapest<\/a><\/span><\/p><p><span style=\"color: #000000;\"><a style=\"color: #000000;\" href=\"https:\/\/maps.app.goo.gl\/pz6xYJNfwxvMaV7a9\" target=\"_blank\" rel=\"noopener\">De\u00e1k Ferenc utca 12-14.<\/a><\/span><\/p>\t\t\t\t\t\t\t\t<\/div>\n\t\t\t\t<\/div>\n\t\t<div class=\"elementor-element elementor-element-5aea350e e-con-full e-flex e-con e-child\" data-id=\"5aea350e\" data-element_type=\"container\" data-e-type=\"container\">\n\t\t\t\t<div class=\"elementor-element elementor-element-7f2a5365 elementor-widget elementor-widget-heading\" data-id=\"7f2a5365\" data-element_type=\"widget\" data-e-type=\"widget\" data-widget_type=\"heading.default\">\n\t\t\t\t\t<h2 class=\"elementor-heading-title elementor-size-default\">kapcsolat<\/h2>\t\t\t\t<\/div>\n\t\t\t\t<div class=\"elementor-element elementor-element-75a28fa7 elementor-widget elementor-widget-text-editor\" data-id=\"75a28fa7\" data-element_type=\"widget\" data-e-type=\"widget\" data-widget_type=\"text-editor.default\">\n\t\t\t\t\t\t\t\t\t<p><span style=\"color: #000000;\"><a style=\"color: #000000;\" href=\"tel:+36204745000\" target=\"_blank\" rel=\"noopener\">+36 20 474 5000<\/a><\/span><\/p><p><span style=\"color: #000000;\"><a style=\"color: #000000;\" href=\"mailto:info@esbisztro.hu\" target=\"_blank\" rel=\"noopener\">info@esbisztro.hu<\/a><\/span><\/p>\t\t\t\t\t\t\t\t<\/div>\n\t\t\t\t<\/div>\n\t\t<div class=\"elementor-element elementor-element-3b0b43f8 e-con-full e-flex e-con e-child\" data-id=\"3b0b43f8\" data-element_type=\"container\" data-e-type=\"container\">\n\t\t\t\t<div class=\"elementor-element elementor-element-532f25e elementor-widget elementor-widget-heading\" data-id=\"532f25e\" data-element_type=\"widget\" data-e-type=\"widget\" data-widget_type=\"heading.default\">\n\t\t\t\t\t<h2 class=\"elementor-heading-title elementor-size-default\">\u00e9tlap<\/h2>\t\t\t\t<\/div>\n\t\t\t\t<div class=\"elementor-element elementor-element-1018dbf7 elementor-widget elementor-widget-text-editor\" data-id=\"1018dbf7\" data-element_type=\"widget\" data-e-type=\"widget\" data-widget_type=\"text-editor.default\">\n\t\t\t\t\t\t\t\t\t<p><a title=\"Men\u00fc - \u00c9S Bisztr\u00f3: Magyar-B\u00e9csi konyha\" href=\"https:\/\/esbisztro.hu\/wp-content\/uploads\/2026\/03\/Es-Menu-HUN-1.pdf\" target=\"_blank\" rel=\"noopener\"><span style=\"color: #000000;\">Men\u00fc<\/span><\/a><\/p><p><a title=\"Egyed\u00fcl\u00e1ll\u00f3an sz\u00e9les Bork\u00edn\u00e1lat\" href=\"https:\/\/esbisztro.hu\/wp-content\/uploads\/2026\/03\/ES-Bisztro-Drinks-Itallap-2026-March.pdf\" target=\"_blank\" rel=\"noopener\"><span style=\"color: #000000;\">Borlap \u00e9s Italok<\/span><\/a><\/p><p><a title=\"Desszertek - \u00c9S Bisztr\u00f3\" href=\"https:\/\/esbisztro.hu\/wp-content\/uploads\/2026\/03\/ES_desszert_HU-1.pdf\" target=\"_blank\" rel=\"noopener\"><span style=\"color: #000000;\">Desszertek<\/span><\/a><\/p><p><a title=\"A s\u00e9f aj\u00e1nlata - heti men\u00fc | \u00c9S Bisztr\u00f3\" href=\"https:\/\/esbisztro.hu\/wp-content\/uploads\/2026\/04\/ES-Bisztro-A-Sef-Ajanlata-Sparga-H18.pdf\" target=\"_blank\" rel=\"noopener\"><span style=\"color: #000000;\">A S\u00e9f aj\u00e1nlata<\/span><\/a><\/p>\t\t\t\t\t\t\t\t<\/div>\n\t\t\t\t<\/div>\n\t\t<div class=\"elementor-element elementor-element-339be965 e-con-full e-flex e-con e-child\" data-id=\"339be965\" data-element_type=\"container\" data-e-type=\"container\">\n\t\t\t\t<div class=\"elementor-element elementor-element-62a6b471 elementor-icon-list--layout-inline elementor-list-item-link-full_width elementor-widget elementor-widget-icon-list\" data-id=\"62a6b471\" data-element_type=\"widget\" data-e-type=\"widget\" data-widget_type=\"icon-list.default\">\n\t\t\t\t\t\t\t<ul class=\"elementor-icon-list-items elementor-inline-items\">\n\t\t\t\t\t\t\t<li class=\"elementor-icon-list-item elementor-inline-item\">\n\t\t\t\t\t\t\t\t\t\t\t<a href=\"https:\/\/www.facebook.com\/ESBISZTRO\" target=\"_blank\" rel=\"noopener\">\n\n\t\t\t\t\t\t\t\t\t\t\t\t<span class=\"elementor-icon-list-icon\">\n\t\t\t\t\t\t\t<svg aria-hidden=\"true\" class=\"e-font-icon-svg e-fab-facebook\" viewBox=\"0 0 512 512\" xmlns=\"http:\/\/www.w3.org\/2000\/svg\"><path d=\"M504 256C504 119 393 8 256 8S8 119 8 256c0 123.78 90.69 226.38 209.25 245V327.69h-63V256h63v-54.64c0-62.15 37-96.48 93.67-96.48 27.14 0 55.52 4.84 55.52 4.84v61h-31.28c-30.8 0-40.41 19.12-40.41 38.73V256h68.78l-11 71.69h-57.78V501C413.31 482.38 504 379.78 504 256z\"><\/path><\/svg>\t\t\t\t\t\t<\/span>\n\t\t\t\t\t\t\t\t\t\t<span class=\"elementor-icon-list-text\"><\/span>\n\t\t\t\t\t\t\t\t\t\t\t<\/a>\n\t\t\t\t\t\t\t\t\t<\/li>\n\t\t\t\t\t\t\t\t<li class=\"elementor-icon-list-item elementor-inline-item\">\n\t\t\t\t\t\t\t\t\t\t\t<a href=\"https:\/\/www.instagram.com\/esbisztro\/\" target=\"_blank\" rel=\"noopener\">\n\n\t\t\t\t\t\t\t\t\t\t\t\t<span class=\"elementor-icon-list-icon\">\n\t\t\t\t\t\t\t<svg aria-hidden=\"true\" class=\"e-font-icon-svg e-fab-instagram\" viewBox=\"0 0 448 512\" xmlns=\"http:\/\/www.w3.org\/2000\/svg\"><path d=\"M224.1 141c-63.6 0-114.9 51.3-114.9 114.9s51.3 114.9 114.9 114.9S339 319.5 339 255.9 287.7 141 224.1 141zm0 189.6c-41.1 0-74.7-33.5-74.7-74.7s33.5-74.7 74.7-74.7 74.7 33.5 74.7 74.7-33.6 74.7-74.7 74.7zm146.4-194.3c0 14.9-12 26.8-26.8 26.8-14.9 0-26.8-12-26.8-26.8s12-26.8 26.8-26.8 26.8 12 26.8 26.8zm76.1 27.2c-1.7-35.9-9.9-67.7-36.2-93.9-26.2-26.2-58-34.4-93.9-36.2-37-2.1-147.9-2.1-184.9 0-35.8 1.7-67.6 9.9-93.9 36.1s-34.4 58-36.2 93.9c-2.1 37-2.1 147.9 0 184.9 1.7 35.9 9.9 67.7 36.2 93.9s58 34.4 93.9 36.2c37 2.1 147.9 2.1 184.9 0 35.9-1.7 67.7-9.9 93.9-36.2 26.2-26.2 34.4-58 36.2-93.9 2.1-37 2.1-147.8 0-184.8zM398.8 388c-7.8 19.6-22.9 34.7-42.6 42.6-29.5 11.7-99.5 9-132.1 9s-102.7 2.6-132.1-9c-19.6-7.8-34.7-22.9-42.6-42.6-11.7-29.5-9-99.5-9-132.1s-2.6-102.7 9-132.1c7.8-19.6 22.9-34.7 42.6-42.6 29.5-11.7 99.5-9 132.1-9s102.7-2.6 132.1 9c19.6 7.8 34.7 22.9 42.6 42.6 11.7 29.5 9 99.5 9 132.1s2.7 102.7-9 132.1z\"><\/path><\/svg>\t\t\t\t\t\t<\/span>\n\t\t\t\t\t\t\t\t\t\t<span class=\"elementor-icon-list-text\"><\/span>\n\t\t\t\t\t\t\t\t\t\t\t<\/a>\n\t\t\t\t\t\t\t\t\t<\/li>\n\t\t\t\t\t\t\t\t<li class=\"elementor-icon-list-item elementor-inline-item\">\n\t\t\t\t\t\t\t\t\t\t\t<a href=\"https:\/\/www.tiktok.com\/@esbisztro\" target=\"_blank\" rel=\"noopener\">\n\n\t\t\t\t\t\t\t\t\t\t\t\t<span class=\"elementor-icon-list-icon\">\n\t\t\t\t\t\t\t<svg aria-hidden=\"true\" class=\"e-font-icon-svg e-fab-tiktok\" viewBox=\"0 0 448 512\" xmlns=\"http:\/\/www.w3.org\/2000\/svg\"><path d=\"M448,209.91a210.06,210.06,0,0,1-122.77-39.25V349.38A162.55,162.55,0,1,1,185,188.31V278.2a74.62,74.62,0,1,0,52.23,71.18V0l88,0a121.18,121.18,0,0,0,1.86,22.17h0A122.18,122.18,0,0,0,381,102.39a121.43,121.43,0,0,0,67,20.14Z\"><\/path><\/svg>\t\t\t\t\t\t<\/span>\n\t\t\t\t\t\t\t\t\t\t<span class=\"elementor-icon-list-text\"><\/span>\n\t\t\t\t\t\t\t\t\t\t\t<\/a>\n\t\t\t\t\t\t\t\t\t<\/li>\n\t\t\t\t\t\t<\/ul>\n\t\t\t\t\t\t<\/div>\n\t\t\t\t<\/div>\n\t\t\t\t\t<\/div>\n\t\t\t\t<\/div>\n\t\t<div class=\"elementor-element elementor-element-548cfdfc e-flex e-con-boxed e-con e-parent\" data-id=\"548cfdfc\" data-element_type=\"container\" data-e-type=\"container\">\n\t\t\t\t\t<div class=\"e-con-inner\">\n\t\t<div class=\"elementor-element elementor-element-3e6c0c8b e-con-full e-flex e-con e-child\" data-id=\"3e6c0c8b\" data-element_type=\"container\" data-e-type=\"container\">\n\t\t\t\t<div class=\"elementor-element elementor-element-433af509 elementor-widget elementor-widget-heading\" data-id=\"433af509\" data-element_type=\"widget\" data-e-type=\"widget\" data-widget_type=\"heading.default\">\n\t\t\t\t\t<h2 class=\"elementor-heading-title elementor-size-default\">AZ \u00c9S BISZTR\u00d3<\/h2>\t\t\t\t<\/div>\n\t\t\t\t<div class=\"elementor-element elementor-element-4ea96d4e elementor-widget elementor-widget-text-editor\" data-id=\"4ea96d4e\" data-element_type=\"widget\" data-e-type=\"widget\" data-widget_type=\"text-editor.default\">\n\t\t\t\t\t\t\t\t\t<p>Egyszer\u0171 k\u00f6t\u0151sz\u00f3k\u00e9nt indul, de j\u00f3val t\u00falmutat \u00f6nmag\u00e1n. Tal\u00e1lkoz\u00e1si pont.<br \/>Budapest \u00e9s B\u00e9cs, hagyom\u00e1ny \u00e9s moderns\u00e9g, bisztr\u00f3 \u00e9s steakhouse, lezsers\u00e9g \u00e9s elegancia k\u00f6z\u00f6tt.<\/p><p>Az \u00c9S k\u00f6nnyed, m\u00e9gis decens magyar\u2013b\u00e9csi bisztr\u00f3 \u00e9s steakhouse, amely az Osztr\u00e1k\u2013Magyar Monarchia gazdag gasztron\u00f3miai \u00f6r\u00f6ks\u00e9g\u00e9b\u0151l inspir\u00e1l\u00f3dik. Filoz\u00f3fi\u00e1nk alapja a helyi alapanyagok, region\u00e1lis borok \u00e9s k\u00e9zm\u0171ves s\u00f6r\u00f6k szeretete \u2013 mindezt fenntarthat\u00f3 forr\u00e1sb\u00f3l, gondosan v\u00e1logatva.<\/p><p>Legyen sz\u00f3 egy praktikus \u00fczleti eb\u00e9dr\u0151l, m\u00e9ly besz\u00e9lget\u00e9sekr\u0151l a vacsoraasztaln\u00e1l, vagy egy h\u00e9tv\u00e9gi csal\u00e1di \u00f6sszej\u00f6vetelr\u0151l \u2013 az \u00c9S ny\u00fczsg\u0151 bels\u0151 terei \u00e9s grandi\u00f3zus belv\u00e1rosi terasza t\u00f6k\u00e9letesen szolg\u00e1lj\u00e1k azt, aminek meg\u00e1lmodtuk:T\u00f6rzshely a budapesti vend\u00e9geknek, gasztron\u00f3miai kaland az ide l\u00e1togat\u00f3knak.<\/p>\t\t\t\t\t\t\t\t<\/div>\n\t\t\t\t<\/div>\n\t\t<div class=\"elementor-element elementor-element-27099189 e-con-full e-flex e-con e-child\" data-id=\"27099189\" data-element_type=\"container\" data-e-type=\"container\" data-settings=\"{&quot;background_background&quot;:&quot;classic&quot;}\">\n\t\t\t\t<div class=\"elementor-element elementor-element-32fa34b elementor-widget elementor-widget-heading\" data-id=\"32fa34b\" data-element_type=\"widget\" data-e-type=\"widget\" data-widget_type=\"heading.default\">\n\t\t\t\t\t<h2 class=\"elementor-heading-title elementor-size-default\"><a href=\"\/hu\/ajanlatok\">AJ\u00c1NLATOK<\/a><\/h2>\t\t\t\t<\/div>\n\t\t\t\t<\/div>\n\t\t\t\t\t<\/div>\n\t\t\t\t<\/div>\n\t\t<div class=\"elementor-element elementor-element-30058584 e-flex e-con-boxed e-con e-parent\" data-id=\"30058584\" data-element_type=\"container\" data-e-type=\"container\">\n\t\t\t\t\t<div class=\"e-con-inner\">\n\t\t<div class=\"elementor-element elementor-element-11449aa0 e-con-full e-flex e-con e-child\" data-id=\"11449aa0\" data-element_type=\"container\" data-e-type=\"container\" data-settings=\"{&quot;background_background&quot;:&quot;classic&quot;}\">\n\t\t\t\t<div class=\"elementor-element elementor-element-3b433760 elementor-widget elementor-widget-heading\" data-id=\"3b433760\" data-element_type=\"widget\" data-e-type=\"widget\" data-widget_type=\"heading.default\">\n\t\t\t\t\t<h2 class=\"elementor-heading-title elementor-size-default\"><a href=\"https:\/\/www.kempinski.com\/hu\/hotel-corvinus-budapest\/meetings-events\" target=\"_blank\" rel=\"noopener\">RENDEZV\u00c9NYEK \u00c9S CATERING<\/a><\/h2>\t\t\t\t<\/div>\n\t\t\t\t<\/div>\n\t\t<div class=\"elementor-element elementor-element-67aa306a e-con-full e-flex e-con e-child\" data-id=\"67aa306a\" data-element_type=\"container\" data-e-type=\"container\" data-settings=\"{&quot;background_background&quot;:&quot;classic&quot;}\">\n\t\t\t\t<\/div>\n\t\t\t\t\t<\/div>\n\t\t\t\t<\/div>\n\t\t<div class=\"elementor-element elementor-element-46075d30 e-flex e-con-boxed e-con e-parent\" data-id=\"46075d30\" data-element_type=\"container\" data-e-type=\"container\">\n\t\t\t\t\t<div class=\"e-con-inner\">\n\t\t<div class=\"elementor-element elementor-element-51934fe1 e-con-full e-flex e-con e-child\" data-id=\"51934fe1\" data-element_type=\"container\" data-e-type=\"container\" data-settings=\"{&quot;background_background&quot;:&quot;classic&quot;}\">\n\t\t\t\t<div class=\"elementor-element elementor-element-778123a6 elementor-widget elementor-widget-spacer\" data-id=\"778123a6\" data-element_type=\"widget\" data-e-type=\"widget\" data-widget_type=\"spacer.default\">\n\t\t\t\t\t\t\t<div class=\"elementor-spacer\">\n\t\t\t<div class=\"elementor-spacer-inner\"><\/div>\n\t\t<\/div>\n\t\t\t\t\t\t<\/div>\n\t\t\t\t<\/div>\n\t\t<div class=\"elementor-element elementor-element-79213fa e-con-full e-flex e-con e-child\" data-id=\"79213fa\" data-element_type=\"container\" data-e-type=\"container\" data-settings=\"{&quot;background_background&quot;:&quot;classic&quot;}\">\n\t\t\t\t<div class=\"elementor-element elementor-element-451e7242 elementor-widget elementor-widget-spacer\" data-id=\"451e7242\" data-element_type=\"widget\" data-e-type=\"widget\" data-widget_type=\"spacer.default\">\n\t\t\t\t\t\t\t<div class=\"elementor-spacer\">\n\t\t\t<div class=\"elementor-spacer-inner\"><\/div>\n\t\t<\/div>\n\t\t\t\t\t\t<\/div>\n\t\t\t\t<\/div>\n\t\t\t\t\t<\/div>\n\t\t\t\t<\/div>\n\t\t<div class=\"elementor-element elementor-element-599098cc e-flex e-con-boxed e-con e-parent\" data-id=\"599098cc\" data-element_type=\"container\" data-e-type=\"container\">\n\t\t\t\t\t<div class=\"e-con-inner\">\n\t\t<div class=\"elementor-element elementor-element-23c6ff8e e-con-full e-flex e-con e-child\" data-id=\"23c6ff8e\" data-element_type=\"container\" data-e-type=\"container\" data-settings=\"{&quot;background_background&quot;:&quot;classic&quot;}\">\n\t\t\t\t<div class=\"elementor-element elementor-element-63ab1ad4 elementor-widget elementor-widget-spacer\" data-id=\"63ab1ad4\" data-element_type=\"widget\" data-e-type=\"widget\" data-widget_type=\"spacer.default\">\n\t\t\t\t\t\t\t<div class=\"elementor-spacer\">\n\t\t\t<div class=\"elementor-spacer-inner\"><\/div>\n\t\t<\/div>\n\t\t\t\t\t\t<\/div>\n\t\t\t\t<\/div>\n\t\t<div class=\"elementor-element elementor-element-2151cfb2 e-con-full e-flex e-con e-child\" data-id=\"2151cfb2\" data-element_type=\"container\" data-e-type=\"container\" data-settings=\"{&quot;background_background&quot;:&quot;classic&quot;}\">\n\t\t\t\t<div class=\"elementor-element elementor-element-771156c1 elementor-widget elementor-widget-spacer\" data-id=\"771156c1\" data-element_type=\"widget\" data-e-type=\"widget\" data-widget_type=\"spacer.default\">\n\t\t\t\t\t\t\t<div class=\"elementor-spacer\">\n\t\t\t<div class=\"elementor-spacer-inner\"><\/div>\n\t\t<\/div>\n\t\t\t\t\t\t<\/div>\n\t\t\t\t<\/div>\n\t\t\t\t\t<\/div>\n\t\t\t\t<\/div>\n\t\t<div class=\"elementor-element elementor-element-171558d e-flex e-con-boxed e-con e-parent\" data-id=\"171558d\" data-element_type=\"container\" data-e-type=\"container\">\n\t\t\t\t\t<div class=\"e-con-inner\">\n\t\t<div class=\"elementor-element elementor-element-7406a8b e-con-full e-flex e-con e-child\" data-id=\"7406a8b\" data-element_type=\"container\" data-e-type=\"container\" data-settings=\"{&quot;background_background&quot;:&quot;classic&quot;}\">\n\t\t\t\t<div class=\"elementor-element elementor-element-5e92120 elementor-widget elementor-widget-spacer\" data-id=\"5e92120\" data-element_type=\"widget\" data-e-type=\"widget\" data-widget_type=\"spacer.default\">\n\t\t\t\t\t\t\t<div class=\"elementor-spacer\">\n\t\t\t<div class=\"elementor-spacer-inner\"><\/div>\n\t\t<\/div>\n\t\t\t\t\t\t<\/div>\n\t\t\t\t<\/div>\n\t\t<div class=\"elementor-element elementor-element-b497bf7 e-con-full e-flex e-con e-child\" data-id=\"b497bf7\" data-element_type=\"container\" data-e-type=\"container\" data-settings=\"{&quot;background_background&quot;:&quot;classic&quot;}\">\n\t\t\t\t<div class=\"elementor-element elementor-element-1cca98b elementor-widget elementor-widget-spacer\" data-id=\"1cca98b\" data-element_type=\"widget\" data-e-type=\"widget\" data-widget_type=\"spacer.default\">\n\t\t\t\t\t\t\t<div class=\"elementor-spacer\">\n\t\t\t<div class=\"elementor-spacer-inner\"><\/div>\n\t\t<\/div>\n\t\t\t\t\t\t<\/div>\n\t\t\t\t<\/div>\n\t\t\t\t\t<\/div>\n\t\t\t\t<\/div>\n\t\t\t\t<\/div>\n\t\t","protected":false},"excerpt":{"rendered":"<p>Budapest \u00e9s B\u00e9cs egy asztaln\u00e1l &#8211; Kort\u00e1rs steak house \u00e9s bisztr\u00f3, a monarchia klasszikusaival. ASZTALFOGLAL\u00c1S ASZTALFOGLAL\u00c1S NYITVATART\u00c1S H\u00e9tf\u0151 &#8211; Vas\u00e1rnap: 12:00 &#8211; 23:00 (konyha z\u00e1r\u00e1sa 22:30) c\u00edm 1051 Budapest De\u00e1k Ferenc utca 12-14. kapcsolat +36 20 474 5000 info@esbisztro.hu \u00e9tlap Men\u00fc Borlap \u00e9s Italok Desszertek A S\u00e9f aj\u00e1nlata AZ \u00c9S BISZTR\u00d3 Egyszer\u0171 k\u00f6t\u0151sz\u00f3k\u00e9nt indul, de [&hellip;]<\/p>\n","protected":false},"author":1,"featured_media":0,"parent":0,"menu_order":0,"comment_status":"closed","ping_status":"closed","template":"elementor_header_footer","meta":{"footnotes":""},"class_list":["post-197","page","type-page","status-publish","hentry"],"_links":{"self":[{"href":"https:\/\/esbisztro.hu\/hu\/wp-json\/wp\/v2\/pages\/197","targetHints":{"allow":["GET"]}}],"collection":[{"href":"https:\/\/esbisztro.hu\/hu\/wp-json\/wp\/v2\/pages"}],"about":[{"href":"https:\/\/esbisztro.hu\/hu\/wp-json\/wp\/v2\/types\/page"}],"author":[{"embeddable":true,"href":"https:\/\/esbisztro.hu\/hu\/wp-json\/wp\/v2\/users\/1"}],"replies":[{"embeddable":true,"href":"https:\/\/esbisztro.hu\/hu\/wp-json\/wp\/v2\/comments?post=197"}],"version-history":[{"count":69,"href":"https:\/\/esbisztro.hu\/hu\/wp-json\/wp\/v2\/pages\/197\/revisions"}],"predecessor-version":[{"id":804,"href":"https:\/\/esbisztro.hu\/hu\/wp-json\/wp\/v2\/pages\/197\/revisions\/804"}],"wp:attachment":[{"href":"https:\/\/esbisztro.hu\/hu\/wp-json\/wp\/v2\/media?parent=197"}],"curies":[{"name":"wp","href":"https:\/\/api.w.org\/{rel}","templated":true}]}}