{"id":204,"date":"2026-03-11T07:56:15","date_gmt":"2026-03-11T06:56:15","guid":{"rendered":"https:\/\/esbisztro.hu\/?page_id=204"},"modified":"2026-04-03T16:33:13","modified_gmt":"2026-04-03T15:33:13","slug":"ajanlatok","status":"publish","type":"page","link":"https:\/\/esbisztro.hu\/hu\/ajanlatok\/","title":{"rendered":"Aj\u00e1nlatok"},"content":{"rendered":"\t\t<div data-elementor-type=\"wp-page\" data-elementor-id=\"204\" class=\"elementor elementor-204 elementor-78\" data-elementor-post-type=\"page\">\n\t\t\t\t<div class=\"elementor-element elementor-element-4fed908e e-flex e-con-boxed e-con e-parent\" data-id=\"4fed908e\" data-element_type=\"container\" data-e-type=\"container\">\n\t\t\t\t\t<div class=\"e-con-inner\">\n\t\t<div class=\"elementor-element elementor-element-45ab722 e-con-full e-flex e-con e-child\" data-id=\"45ab722\" data-element_type=\"container\" data-e-type=\"container\">\n\t\t\t\t<div class=\"elementor-element elementor-element-5df72609 elementor-widget elementor-widget-heading\" data-id=\"5df72609\" data-element_type=\"widget\" data-e-type=\"widget\" data-widget_type=\"heading.default\">\n\t\t\t\t\t<h2 class=\"elementor-heading-title elementor-size-default\">AZ \u00c9S BISZTR\u00f3 AJ\u00c1NLATAI<\/h2>\t\t\t\t<\/div>\n\t\t\t\t<\/div>\n\t\t<div class=\"elementor-element elementor-element-4e7c932d e-con-full e-flex e-con e-child\" data-id=\"4e7c932d\" data-element_type=\"container\" data-e-type=\"container\">\n\t\t\t\t<div class=\"elementor-element elementor-element-da4eae9 elementor-widget elementor-widget-text-editor\" data-id=\"da4eae9\" data-element_type=\"widget\" data-e-type=\"widget\" data-widget_type=\"text-editor.default\">\n\t\t\t\t\t\t\t\t\t<p>Ak\u00e1r egy \u00fczleti eb\u00e9dre, egy eleg\u00e1ns vacsor\u00e1ra vagy egy pezsg\u0151 esti programra v\u00e1gysz, az \u00c9S Bisztr\u00f3 minden alkalomra tartogat egy aj\u00e1nlatot. Szezon\u00e1lis k\u00fcl\u00f6nlegess\u00e9geinkt\u0151l az ikonikus fog\u00e1sokig k\u00edn\u00e1latunk folyamatosan meg\u00fajul, hogy minden alkalommal meglepjen \u00e9s elk\u00e1pr\u00e1ztasson \u2013 b\u00e1rmikor \u00e9s b\u00e1rmilyen aprop\u00f3b\u00f3l t\u00e9rsz be hozz\u00e1nk.<\/p>\t\t\t\t\t\t\t\t<\/div>\n\t\t\t\t<\/div>\n\t\t\t\t\t<\/div>\n\t\t\t\t<\/div>\n\t\t<div class=\"elementor-element elementor-element-5e02a452 e-flex e-con-boxed e-con e-parent\" data-id=\"5e02a452\" data-element_type=\"container\" data-e-type=\"container\">\n\t\t\t\t\t<div class=\"e-con-inner\">\n\t\t<div class=\"elementor-element elementor-element-32b54349 e-con-full e-flex e-con e-child\" data-id=\"32b54349\" data-element_type=\"container\" data-e-type=\"container\">\n\t\t\t\t<div class=\"elementor-element elementor-element-178f16b8 elementor-grid-2 elementor-grid-tablet-2 elementor-grid-mobile-1 elementor-posts--thumbnail-top elementor-widget elementor-widget-posts\" data-id=\"178f16b8\" data-element_type=\"widget\" data-e-type=\"widget\" data-settings=\"{&quot;classic_columns&quot;:&quot;2&quot;,&quot;classic_row_gap&quot;:{&quot;unit&quot;:&quot;px&quot;,&quot;size&quot;:30,&quot;sizes&quot;:[]},&quot;pagination_type&quot;:&quot;load_more_infinite_scroll&quot;,&quot;classic_columns_tablet&quot;:&quot;2&quot;,&quot;classic_columns_mobile&quot;:&quot;1&quot;,&quot;classic_row_gap_widescreen&quot;:{&quot;unit&quot;:&quot;px&quot;,&quot;size&quot;:&quot;&quot;,&quot;sizes&quot;:[]},&quot;classic_row_gap_laptop&quot;:{&quot;unit&quot;:&quot;px&quot;,&quot;size&quot;:&quot;&quot;,&quot;sizes&quot;:[]},&quot;classic_row_gap_tablet_extra&quot;:{&quot;unit&quot;:&quot;px&quot;,&quot;size&quot;:&quot;&quot;,&quot;sizes&quot;:[]},&quot;classic_row_gap_tablet&quot;:{&quot;unit&quot;:&quot;px&quot;,&quot;size&quot;:&quot;&quot;,&quot;sizes&quot;:[]},&quot;classic_row_gap_mobile_extra&quot;:{&quot;unit&quot;:&quot;px&quot;,&quot;size&quot;:&quot;&quot;,&quot;sizes&quot;:[]},&quot;classic_row_gap_mobile&quot;:{&quot;unit&quot;:&quot;px&quot;,&quot;size&quot;:&quot;&quot;,&quot;sizes&quot;:[]},&quot;load_more_spinner&quot;:{&quot;value&quot;:&quot;fas fa-spinner&quot;,&quot;library&quot;:&quot;fa-solid&quot;}}\" data-widget_type=\"posts.classic\">\n\t\t\t\t<div class=\"elementor-widget-container\">\n\t\t\t\t\t\t\t<div class=\"elementor-posts-container elementor-posts elementor-posts--skin-classic elementor-grid\" role=\"list\">\n\t\t\t\t<article class=\"elementor-post elementor-grid-item post-266 post type-post status-publish format-standard has-post-thumbnail hentry category-es-bejegyzesek\" role=\"listitem\">\n\t\t\t\t<a class=\"elementor-post__thumbnail__link\" href=\"https:\/\/esbisztro.hu\/hu\/vasarnapi-csaladi-ebed-az-es-bisztroban\/\" tabindex=\"-1\" >\n\t\t\t<div class=\"elementor-post__thumbnail\"><img fetchpriority=\"high\" decoding=\"async\" width=\"1536\" height=\"864\" src=\"https:\/\/esbisztro.hu\/wp-content\/uploads\/2026\/03\/ES-10-2-1536x864.jpg\" class=\"attachment-1536x1536 size-1536x1536 wp-image-255\" alt=\"\" srcset=\"https:\/\/esbisztro.hu\/wp-content\/uploads\/2026\/03\/ES-10-2-1536x864.jpg 1536w, https:\/\/esbisztro.hu\/wp-content\/uploads\/2026\/03\/ES-10-2-300x169.jpg 300w, https:\/\/esbisztro.hu\/wp-content\/uploads\/2026\/03\/ES-10-2-1024x576.jpg 1024w, https:\/\/esbisztro.hu\/wp-content\/uploads\/2026\/03\/ES-10-2-768x432.jpg 768w, https:\/\/esbisztro.hu\/wp-content\/uploads\/2026\/03\/ES-10-2.jpg 1600w\" sizes=\"(max-width: 1536px) 100vw, 1536px\" \/><\/div>\n\t\t<\/a>\n\t\t\t\t<div class=\"elementor-post__text\">\n\t\t\t\t<h3 class=\"elementor-post__title\">\n\t\t\t<a href=\"https:\/\/esbisztro.hu\/hu\/vasarnapi-csaladi-ebed-az-es-bisztroban\/\" >\n\t\t\t\tVAS\u00c1RNAPI CSAL\u00c1DI EB\u00c9D\t\t\t<\/a>\n\t\t<\/h3>\n\t\t\t\t<div class=\"elementor-post__excerpt\">\n\t\t\t<p>Klasszikus magyar \u00e9s osztr\u00e1k fog\u00e1sok az \u00c9S Bisztr\u00f3 Csal\u00e1di Eb\u00e9dj\u00e9n, korl\u00e1tlan \u00e9tel- \u00e9s italfogyaszt\u00e1ssal, gyermek foglalkoztat\u00f3 sarokkal, \u00e9l\u0151 zen\u00e9vel \u00e9s ingyen parkol\u00e1ssal.Tal\u00e1lkozunk az \u0151sz els\u0151 nagy csal\u00e1di eb\u00e9dj\u00e9n, szeptember 14-\u00e9n! <\/p>\n\t\t<\/div>\n\t\t\t\t<\/div>\n\t\t\t\t<\/article>\n\t\t\t\t<article class=\"elementor-post elementor-grid-item post-258 post type-post status-publish format-standard has-post-thumbnail hentry category-es-bejegyzesek\" role=\"listitem\">\n\t\t\t\t<a class=\"elementor-post__thumbnail__link\" href=\"https:\/\/esbisztro.hu\/hu\/premium-steakek-az-es-bisztroban\/\" tabindex=\"-1\" >\n\t\t\t<div class=\"elementor-post__thumbnail\"><img decoding=\"async\" width=\"1536\" height=\"864\" src=\"https:\/\/esbisztro.hu\/wp-content\/uploads\/2026\/03\/ES_201611_39fb-1-1536x864.jpg\" class=\"attachment-1536x1536 size-1536x1536 wp-image-259\" alt=\"\" srcset=\"https:\/\/esbisztro.hu\/wp-content\/uploads\/2026\/03\/ES_201611_39fb-1-1536x864.jpg 1536w, https:\/\/esbisztro.hu\/wp-content\/uploads\/2026\/03\/ES_201611_39fb-1-300x169.jpg 300w, https:\/\/esbisztro.hu\/wp-content\/uploads\/2026\/03\/ES_201611_39fb-1-1024x576.jpg 1024w, https:\/\/esbisztro.hu\/wp-content\/uploads\/2026\/03\/ES_201611_39fb-1-768x432.jpg 768w, https:\/\/esbisztro.hu\/wp-content\/uploads\/2026\/03\/ES_201611_39fb-1.jpg 1600w\" sizes=\"(max-width: 1536px) 100vw, 1536px\" \/><\/div>\n\t\t<\/a>\n\t\t\t\t<div class=\"elementor-post__text\">\n\t\t\t\t<h3 class=\"elementor-post__title\">\n\t\t\t<a href=\"https:\/\/esbisztro.hu\/hu\/premium-steakek-az-es-bisztroban\/\" >\n\t\t\t\tPR\u00c9MIUM STEAKEK AZ \u00c9S BISZTR\u00d3BAN\t\t\t<\/a>\n\t\t<\/h3>\n\t\t\t\t<div class=\"elementor-post__excerpt\">\n\t\t\t<p>Az \u00c9S Bisztr\u00f3 igazi Paradicsom a steakek szerelmeseinek, az \u00e9lm\u00e9nyhez mi magas min\u0151s\u00e9g\u0171 alapanyagok felhaszn\u00e1l\u00e1s\u00e1val \u00e9s professzion\u00e1lis elk\u00e9sz\u00edt\u00e9si m\u00f3ddal j\u00e1rulunk hozz\u00e1. Kort\u00e1rs magyar-b\u00e9csi \u00e9tlapunkat izgalmas steak-k\u00edn\u00e1latunk teszi teljess\u00e9.<\/p>\n\t\t<\/div>\n\t\t\t\t<\/div>\n\t\t\t\t<\/article>\n\t\t\t\t<article class=\"elementor-post elementor-grid-item post-251 post type-post status-publish format-standard has-post-thumbnail hentry category-es-bejegyzesek\" role=\"listitem\">\n\t\t\t\t<a class=\"elementor-post__thumbnail__link\" href=\"https:\/\/esbisztro.hu\/hu\/specialty-kave-az-es-deliben\/\" tabindex=\"-1\" >\n\t\t\t<div class=\"elementor-post__thumbnail\"><img decoding=\"async\" width=\"1536\" height=\"864\" src=\"https:\/\/esbisztro.hu\/wp-content\/uploads\/2026\/03\/mike-kenneally-TD4DBagg2wE-unsplash-scaled-1-1536x864.jpg\" class=\"attachment-1536x1536 size-1536x1536 wp-image-250\" alt=\"\" srcset=\"https:\/\/esbisztro.hu\/wp-content\/uploads\/2026\/03\/mike-kenneally-TD4DBagg2wE-unsplash-scaled-1-1536x864.jpg 1536w, https:\/\/esbisztro.hu\/wp-content\/uploads\/2026\/03\/mike-kenneally-TD4DBagg2wE-unsplash-scaled-1-300x169.jpg 300w, https:\/\/esbisztro.hu\/wp-content\/uploads\/2026\/03\/mike-kenneally-TD4DBagg2wE-unsplash-scaled-1-1024x576.jpg 1024w, https:\/\/esbisztro.hu\/wp-content\/uploads\/2026\/03\/mike-kenneally-TD4DBagg2wE-unsplash-scaled-1-768x432.jpg 768w, https:\/\/esbisztro.hu\/wp-content\/uploads\/2026\/03\/mike-kenneally-TD4DBagg2wE-unsplash-scaled-1-2048x1152.jpg 2048w\" sizes=\"(max-width: 1536px) 100vw, 1536px\" \/><\/div>\n\t\t<\/a>\n\t\t\t\t<div class=\"elementor-post__text\">\n\t\t\t\t<h3 class=\"elementor-post__title\">\n\t\t\t<a href=\"https:\/\/esbisztro.hu\/hu\/specialty-kave-az-es-deliben\/\" >\n\t\t\t\t\u00c9S DELI\t\t\t<\/a>\n\t\t<\/h3>\n\t\t\t\t<div class=\"elementor-post__excerpt\">\n\t\t\t<p>Manaps\u00e1g egyre t\u00f6bb helyen ihatunk k\u00fcl\u00f6nleges k\u00e1v\u00e9kat, de hogy mit is jelent ez a kifejez\u00e9s pontosan, arr\u00f3l kev\u00e9s helyen hallhatunk.<\/p>\n\t\t<\/div>\n\t\t\t\t<\/div>\n\t\t\t\t<\/article>\n\t\t\t\t<article class=\"elementor-post elementor-grid-item post-247 post type-post status-publish format-standard has-post-thumbnail hentry category-es-bejegyzesek\" role=\"listitem\">\n\t\t\t\t<a class=\"elementor-post__thumbnail__link\" href=\"https:\/\/esbisztro.hu\/hu\/feher-sparga-hetek\/\" tabindex=\"-1\" >\n\t\t\t<div class=\"elementor-post__thumbnail\"><img loading=\"lazy\" decoding=\"async\" width=\"1536\" height=\"864\" src=\"https:\/\/esbisztro.hu\/wp-content\/uploads\/2026\/03\/waldemar-K8PnrUSVl_s-unsplash-scaled-1-1536x864.jpg\" class=\"attachment-1536x1536 size-1536x1536 wp-image-246\" alt=\"\" srcset=\"https:\/\/esbisztro.hu\/wp-content\/uploads\/2026\/03\/waldemar-K8PnrUSVl_s-unsplash-scaled-1-1536x864.jpg 1536w, https:\/\/esbisztro.hu\/wp-content\/uploads\/2026\/03\/waldemar-K8PnrUSVl_s-unsplash-scaled-1-300x169.jpg 300w, https:\/\/esbisztro.hu\/wp-content\/uploads\/2026\/03\/waldemar-K8PnrUSVl_s-unsplash-scaled-1-1024x576.jpg 1024w, https:\/\/esbisztro.hu\/wp-content\/uploads\/2026\/03\/waldemar-K8PnrUSVl_s-unsplash-scaled-1-768x432.jpg 768w, https:\/\/esbisztro.hu\/wp-content\/uploads\/2026\/03\/waldemar-K8PnrUSVl_s-unsplash-scaled-1-2048x1152.jpg 2048w\" sizes=\"(max-width: 1536px) 100vw, 1536px\" \/><\/div>\n\t\t<\/a>\n\t\t\t\t<div class=\"elementor-post__text\">\n\t\t\t\t<h3 class=\"elementor-post__title\">\n\t\t\t<a href=\"https:\/\/esbisztro.hu\/hu\/feher-sparga-hetek\/\" >\n\t\t\t\tFEH\u00c9R SP\u00c1RGA HETEK\t\t\t<\/a>\n\t\t<\/h3>\n\t\t\t\t<div class=\"elementor-post__excerpt\">\n\t\t\t<p>Tudta, hogy a sp\u00e1rga a liliomf\u00e9l\u00e9k csal\u00e1dj\u00e1ba tartozik? B\u00e1r a vir\u00e1g illat\u00e1t nem \u00f6r\u00f6k\u00f6lte, m\u00e9gis a tavasz egyik legkedveltebb csemeg\u00e9je maradt. Ez\u00e9rt hozza el \u00d6nnek az \u00c9S Bisztr\u00f3 a legfrissebb \u00e9s legjobb min\u0151s\u00e9g\u0171 helyi feh\u00e9r sp\u00e1rg\u00e1t, k\u00fcl\u00f6nb\u00f6z\u0151 kreat\u00edv m\u00f3don elk\u00e9sz\u00edtve.\u00a0<\/p>\n\t\t<\/div>\n\t\t\t\t<\/div>\n\t\t\t\t<\/article>\n\t\t\t\t<article class=\"elementor-post elementor-grid-item post-244 post type-post status-publish format-standard has-post-thumbnail hentry category-es-bejegyzesek\" role=\"listitem\">\n\t\t\t\t<a class=\"elementor-post__thumbnail__link\" href=\"https:\/\/esbisztro.hu\/hu\/a-belvaros-legnagyobb-terasza\/\" tabindex=\"-1\" >\n\t\t\t<div class=\"elementor-post__thumbnail\"><img loading=\"lazy\" decoding=\"async\" width=\"1536\" height=\"864\" src=\"https:\/\/esbisztro.hu\/wp-content\/uploads\/2026\/03\/32511_og-1-1536x864.jpg\" class=\"attachment-1536x1536 size-1536x1536 wp-image-243\" alt=\"\" srcset=\"https:\/\/esbisztro.hu\/wp-content\/uploads\/2026\/03\/32511_og-1-1536x864.jpg 1536w, https:\/\/esbisztro.hu\/wp-content\/uploads\/2026\/03\/32511_og-1-300x169.jpg 300w, https:\/\/esbisztro.hu\/wp-content\/uploads\/2026\/03\/32511_og-1-1024x576.jpg 1024w, https:\/\/esbisztro.hu\/wp-content\/uploads\/2026\/03\/32511_og-1-768x432.jpg 768w, https:\/\/esbisztro.hu\/wp-content\/uploads\/2026\/03\/32511_og-1.jpg 2000w\" sizes=\"(max-width: 1536px) 100vw, 1536px\" \/><\/div>\n\t\t<\/a>\n\t\t\t\t<div class=\"elementor-post__text\">\n\t\t\t\t<h3 class=\"elementor-post__title\">\n\t\t\t<a href=\"https:\/\/esbisztro.hu\/hu\/a-belvaros-legnagyobb-terasza\/\" >\n\t\t\t\tA BELV\u00c1ROS LEGNAGYOBB TERASZA\t\t\t<\/a>\n\t\t<\/h3>\n\t\t\t\t<div class=\"elementor-post__excerpt\">\n\t\t\t<p>Tavaszt\u00f3l \u0151szig sz\u00edvesebben v\u00e1lasztjuk az \u00e9ttermek teraszait. B\u00e1r nagy melegben a l\u00e9gkondicion\u00e1lt bels\u0151 terek is vonz\u00f3nak t\u0171nnek, a h\u0171t\u00f6tt, szell\u0151 j\u00e1rta teraszokon m\u00e9gis kellemesebb az eb\u00e9d vagy a vacsora elfogyaszt\u00e1sa.<\/p>\n\t\t<\/div>\n\t\t\t\t<\/div>\n\t\t\t\t<\/article>\n\t\t\t\t<article class=\"elementor-post elementor-grid-item post-240 post type-post status-publish format-standard has-post-thumbnail hentry category-es-bejegyzesek\" role=\"listitem\">\n\t\t\t\t<a class=\"elementor-post__thumbnail__link\" href=\"https:\/\/esbisztro.hu\/hu\/az-es-sztori\/\" tabindex=\"-1\" >\n\t\t\t<div class=\"elementor-post__thumbnail\"><img loading=\"lazy\" decoding=\"async\" width=\"1536\" height=\"1024\" src=\"https:\/\/esbisztro.hu\/wp-content\/uploads\/2026\/03\/ES-bisztro-7368-1536x1024.jpg\" class=\"attachment-1536x1536 size-1536x1536 wp-image-644\" alt=\"\" srcset=\"https:\/\/esbisztro.hu\/wp-content\/uploads\/2026\/03\/ES-bisztro-7368-1536x1024.jpg 1536w, https:\/\/esbisztro.hu\/wp-content\/uploads\/2026\/03\/ES-bisztro-7368-300x200.jpg 300w, https:\/\/esbisztro.hu\/wp-content\/uploads\/2026\/03\/ES-bisztro-7368-1024x683.jpg 1024w, https:\/\/esbisztro.hu\/wp-content\/uploads\/2026\/03\/ES-bisztro-7368-768x512.jpg 768w, https:\/\/esbisztro.hu\/wp-content\/uploads\/2026\/03\/ES-bisztro-7368-2048x1365.jpg 2048w\" sizes=\"(max-width: 1536px) 100vw, 1536px\" \/><\/div>\n\t\t<\/a>\n\t\t\t\t<div class=\"elementor-post__text\">\n\t\t\t\t<h3 class=\"elementor-post__title\">\n\t\t\t<a href=\"https:\/\/esbisztro.hu\/hu\/az-es-sztori\/\" >\n\t\t\t\tAZ \u00c9S SZTORI\t\t\t<\/a>\n\t\t<\/h3>\n\t\t\t\t<div class=\"elementor-post__excerpt\">\n\t\t\t<p>2012 v\u00e9g\u00e9n k\u00e9rte fel a\u00a0Kempinski Hotel Corvinus\u00a0vezet\u00e9se az \u00e9ttermeket \u00fczemeltet\u0151\u00a0Zsidai Csoport\u00a0vezet\u0151j\u00e9t, Zsidai Roy-t, hogy a sz\u00e1lloda \u00e9tterm\u00e9t \u00e9s annak gasztron\u00f3miai k\u00edn\u00e1lat\u00e1t alak\u00edtsa ki \u00e9s m\u0171k\u00f6dtesse k\u00f6z\u00f6sen a hotellel.<\/p>\n\t\t<\/div>\n\t\t\t\t<\/div>\n\t\t\t\t<\/article>\n\t\t\t\t<\/div>\n\t\t\t\t\t<span class=\"e-load-more-spinner\">\n\t\t\t\t<svg aria-hidden=\"true\" class=\"e-font-icon-svg e-fas-spinner\" viewBox=\"0 0 512 512\" xmlns=\"http:\/\/www.w3.org\/2000\/svg\"><path d=\"M304 48c0 26.51-21.49 48-48 48s-48-21.49-48-48 21.49-48 48-48 48 21.49 48 48zm-48 368c-26.51 0-48 21.49-48 48s21.49 48 48 48 48-21.49 48-48-21.49-48-48-48zm208-208c-26.51 0-48 21.49-48 48s21.49 48 48 48 48-21.49 48-48-21.49-48-48-48zM96 256c0-26.51-21.49-48-48-48S0 229.49 0 256s21.49 48 48 48 48-21.49 48-48zm12.922 99.078c-26.51 0-48 21.49-48 48s21.49 48 48 48 48-21.49 48-48c0-26.509-21.491-48-48-48zm294.156 0c-26.51 0-48 21.49-48 48s21.49 48 48 48 48-21.49 48-48c0-26.509-21.49-48-48-48zM108.922 60.922c-26.51 0-48 21.49-48 48s21.49 48 48 48 48-21.49 48-48-21.491-48-48-48z\"><\/path><\/svg>\t\t\t<\/span>\n\t\t\n\t\t\t\t\t\t<\/div>\n\t\t\t\t<\/div>\n\t\t\t\t<\/div>\n\t\t\t\t\t<\/div>\n\t\t\t\t<\/div>\n\t\t\t\t<\/div>\n\t\t","protected":false},"excerpt":{"rendered":"<p>AZ \u00c9S BISZTR\u00f3 AJ\u00c1NLATAI Ak\u00e1r egy \u00fczleti eb\u00e9dre, egy eleg\u00e1ns vacsor\u00e1ra vagy egy pezsg\u0151 esti programra v\u00e1gysz, az \u00c9S Bisztr\u00f3 minden alkalomra tartogat egy aj\u00e1nlatot. Szezon\u00e1lis k\u00fcl\u00f6nlegess\u00e9geinkt\u0151l az ikonikus fog\u00e1sokig k\u00edn\u00e1latunk folyamatosan meg\u00fajul, hogy minden alkalommal meglepjen \u00e9s elk\u00e1pr\u00e1ztasson \u2013 b\u00e1rmikor \u00e9s b\u00e1rmilyen aprop\u00f3b\u00f3l t\u00e9rsz be hozz\u00e1nk.<\/p>\n","protected":false},"author":1,"featured_media":0,"parent":0,"menu_order":0,"comment_status":"closed","ping_status":"closed","template":"elementor_header_footer","meta":{"footnotes":""},"class_list":["post-204","page","type-page","status-publish","hentry"],"_links":{"self":[{"href":"https:\/\/esbisztro.hu\/hu\/wp-json\/wp\/v2\/pages\/204","targetHints":{"allow":["GET"]}}],"collection":[{"href":"https:\/\/esbisztro.hu\/hu\/wp-json\/wp\/v2\/pages"}],"about":[{"href":"https:\/\/esbisztro.hu\/hu\/wp-json\/wp\/v2\/types\/page"}],"author":[{"embeddable":true,"href":"https:\/\/esbisztro.hu\/hu\/wp-json\/wp\/v2\/users\/1"}],"replies":[{"embeddable":true,"href":"https:\/\/esbisztro.hu\/hu\/wp-json\/wp\/v2\/comments?post=204"}],"version-history":[{"count":20,"href":"https:\/\/esbisztro.hu\/hu\/wp-json\/wp\/v2\/pages\/204\/revisions"}],"predecessor-version":[{"id":728,"href":"https:\/\/esbisztro.hu\/hu\/wp-json\/wp\/v2\/pages\/204\/revisions\/728"}],"wp:attachment":[{"href":"https:\/\/esbisztro.hu\/hu\/wp-json\/wp\/v2\/media?parent=204"}],"curies":[{"name":"wp","href":"https:\/\/api.w.org\/{rel}","templated":true}]}}